{"id":18,"date":"2013-10-16T11:14:32","date_gmt":"2013-10-16T09:14:32","guid":{"rendered":"http:\/\/sambag.carina.uberspace.de\/steffi\/wordpress\/?page_id=18"},"modified":"2022-08-01T21:44:55","modified_gmt":"2022-08-01T19:44:55","slug":"history","status":"publish","type":"page","link":"https:\/\/cassiopeia-esalen.de\/?page_id=18","title":{"rendered":"History"},"content":{"rendered":"\r\n<p class=\"has-text-align-center\" style=\"text-align: center;\"><img loading=\"lazy\" decoding=\"async\" class=\"wp-image-647 aligncenter\" src=\"https:\/\/cassiopeia-esalen.de\/wp-content\/uploads\/2013\/10\/000013.jpg\" alt=\"\" width=\"402\" height=\"600\" srcset=\"https:\/\/cassiopeia-esalen.de\/wp-content\/uploads\/2013\/10\/000013.jpg 346w, https:\/\/cassiopeia-esalen.de\/wp-content\/uploads\/2013\/10\/000013-100x150.jpg 100w, https:\/\/cassiopeia-esalen.de\/wp-content\/uploads\/2013\/10\/000013-201x300.jpg 201w\" sizes=\"(max-width: 402px) 100vw, 402px\" \/><\/p>\r\n<p style=\"text-align: center;\"><em><strong>Anfang der 60er Jahre in Kalifornien..<\/strong><\/em><\/p>\r\n\r\n\r\n\r\n<table style=\"border-collapse: collapse; width: 100%;\">\r\n<tbody>\r\n<tr>\r\n<td style=\"width: 16.6012%;\">\u00a0<\/td>\r\n<td style=\"width: 64.7059%;\">\r\n<p class=\"has-text-align-left\" style=\"text-align: left;\"><em>Dick Price und Michael Murphy, beide Studenten der Stanford University, hatten einen Traum .. einen Ort zu finden, um das menschliche Potenzial durch die Verbindung von \u00f6stlicher und westlicher Philosophie\u00a0zu erforschen und zu entwickeln .. Wege des Denkens und F\u00fchlens \u00fcber die Beschr\u00e4nkungen der etablierten Wissenschaften hinaus. <\/em><\/p>\r\n\r\n\r\n\r\n<p class=\"has-text-align-left\" style=\"text-align: left;\"><em>Dazu bot sich das Grundst\u00fcck des heutigen Esalen- Institutes in Big Sur (Californien), das sich seit 2 Generationen in Familienbesitz befand.\u00a0<\/em><\/p>\r\n\r\n\r\n\r\n<p class=\"has-text-align-left\" style=\"text-align: left;\"><em>Gelegen auf einem Plateau am Pazifischen Ozean, zeichnen sich die &#8222;Hei\u00dfen Quellen&#8220; als charakteristisch heilend in dieser Region. Lehrer die in Esalen lebten und wirkten:<\/em><\/p>\r\n\r\n\r\n\r\n<ul style=\"list-style-type: circle; text-align: left;\">\r\n<li><strong><em>Fritz Perls (Gestalttherapeut)<\/em><\/strong><\/li>\r\n<li><strong><em>Charlotte Selver (P\u00e4dagogin, Sensory Awareness)<\/em><\/strong><\/li>\r\n<li><strong><em>Ida Rolf (Biochemikerin, Erfinderin des Rolfing)<\/em><\/strong><\/li>\r\n<li><strong><em>Mosh\u00e8 Feldenkrais (Physiker &amp; Judolehrer, Erfinder der Feldenkrais- Methode)<\/em><\/strong><\/li>\r\n<\/ul>\r\n\r\n\r\n\r\n<p style=\"text-align: left;\">\u00a0<\/p>\r\n<p class=\"has-text-align-left\" style=\"text-align: left;\"><em>Aus der Verkn\u00fcpfung von Philosophie, Physiologie und Psychologie entwickelte sich, basierend auf der Klassisch Schwedischen Massage, schon bald ein neues ganzheitliches K\u00f6rperkonzept- \u00a0die Esalen Massage.\u00a0 <\/em><em>Benannt wurde sie in Anlehnung und W\u00fcrdigung der Ureinwohner dieses Landstriches, der Esselen Indianer.\u00a0<\/em><\/p>\r\n\r\n\r\n\r\n<p class=\"has-text-align-left\" style=\"text-align: left;\"><em>Im Vordergrund steht die Ganzheit und Einzigartigkeit eines jeden Menschen. Das allumfassende Konzept ber\u00fchrt K\u00f6rper, Geist und Seele.\u00a0<\/em><\/p>\r\n\r\n\r\n\r\n<p class=\"has-text-align-left\" style=\"text-align: left;\"><em>mehr dazu unter der Rubrik:<\/em><span style=\"color: #808080;\"><em><a title=\"Practice\" href=\"http:\/\/cassiopeia-esalen.de\/?page_id=20\" target=\"_blank\" rel=\"noopener\">\u00a0<\/a><\/em><strong><em><a title=\"Practice\" href=\"http:\/\/cassiopeia-esalen.de\/?page_id=20\" target=\"_blank\" rel=\"noopener\"> practice<\/a><\/em><\/strong><\/span><\/p>\r\n<\/td>\r\n<td style=\"width: 18.6928%;\">\u00a0<\/td>\r\n<\/tr>\r\n<\/tbody>\r\n<\/table>\r\n<p class=\"has-text-align-center\" style=\"text-align: center;\">\u00a0<\/p>\r\n\r\n\r\n\r\n<p class=\"has-text-align-left\" style=\"text-align: center;\">\u00a0<\/p>\r\n\r\n\r\n\r\n<p style=\"text-align: center;\">\u00a0<\/p>\r\n","protected":false},"excerpt":{"rendered":"<p>Anfang der 60er Jahre in Kalifornien.. \u00a0 Dick Price und Michael Murphy, beide Studenten der Stanford University, hatten einen Traum .. einen Ort zu finden, um das menschliche Potenzial durch die Verbindung von \u00f6stlicher und westlicher Philosophie\u00a0zu erforschen und zu entwickeln .. Wege des Denkens und F\u00fchlens \u00fcber die Beschr\u00e4nkungen der etablierten Wissenschaften hinaus. Dazu&hellip;<\/p>\n","protected":false},"author":1,"featured_media":0,"parent":0,"menu_order":0,"comment_status":"open","ping_status":"open","template":"","meta":{"footnotes":""},"yoast_head":"<!-- This site is optimized with the Yoast SEO plugin v20.4 - https:\/\/yoast.com\/wordpress\/plugins\/seo\/ -->\n<title>History- Cassiopeia ESALEN Massage Dresden<\/title>\n<meta name=\"description\" content=\"ESALEN Massage Dresden\/Kalifornien: Anfang der 60er Jahre Dick Price und Michael Murphy, beide Studenten der Stanford University, hatten einen Traum!\" \/>\n<meta name=\"robots\" content=\"index, follow, max-snippet:-1, max-image-preview:large, max-video-preview:-1\" \/>\n<link rel=\"canonical\" href=\"https:\/\/cassiopeia-esalen.de\/?page_id=18\" \/>\n<meta property=\"og:locale\" content=\"de_DE\" \/>\n<meta property=\"og:type\" content=\"article\" \/>\n<meta property=\"og:title\" content=\"History- Cassiopeia ESALEN Massage Dresden\" \/>\n<meta property=\"og:description\" content=\"ESALEN Massage Dresden\/Kalifornien: Anfang der 60er Jahre Dick Price und Michael Murphy, beide Studenten der Stanford University, hatten einen Traum!\" \/>\n<meta property=\"og:url\" content=\"https:\/\/cassiopeia-esalen.de\/?page_id=18\" \/>\n<meta property=\"article:publisher\" content=\"https:\/\/www.facebook.com\/EsalenMassageDresden?ref=hl\" \/>\n<meta property=\"article:modified_time\" content=\"2022-08-01T19:44:55+00:00\" \/>\n<meta property=\"og:image\" content=\"https:\/\/cassiopeia-esalen.de\/wp-content\/uploads\/2013\/10\/000013.jpg\" \/>\n<meta name=\"twitter:label1\" content=\"Gesch\u00e4tzte Lesezeit\" \/>\n\t<meta name=\"twitter:data1\" content=\"2\u00a0Minuten\" \/>\n<script type=\"application\/ld+json\" class=\"yoast-schema-graph\">{\"@context\":\"https:\/\/schema.org\",\"@graph\":[{\"@type\":\"WebPage\",\"@id\":\"https:\/\/cassiopeia-esalen.de\/?page_id=18\",\"url\":\"https:\/\/cassiopeia-esalen.de\/?page_id=18\",\"name\":\"History- Cassiopeia ESALEN Massage Dresden\",\"isPartOf\":{\"@id\":\"https:\/\/cassiopeia-esalen.de\/#website\"},\"datePublished\":\"2013-10-16T09:14:32+00:00\",\"dateModified\":\"2022-08-01T19:44:55+00:00\",\"description\":\"ESALEN Massage Dresden\/Kalifornien: Anfang der 60er Jahre Dick Price und Michael Murphy, beide Studenten der Stanford University, hatten einen Traum!\",\"breadcrumb\":{\"@id\":\"https:\/\/cassiopeia-esalen.de\/?page_id=18#breadcrumb\"},\"inLanguage\":\"de\",\"potentialAction\":[{\"@type\":\"ReadAction\",\"target\":[\"https:\/\/cassiopeia-esalen.de\/?page_id=18\"]}]},{\"@type\":\"BreadcrumbList\",\"@id\":\"https:\/\/cassiopeia-esalen.de\/?page_id=18#breadcrumb\",\"itemListElement\":[{\"@type\":\"ListItem\",\"position\":1,\"name\":\"Startseite\",\"item\":\"https:\/\/cassiopeia-esalen.de\/\"},{\"@type\":\"ListItem\",\"position\":2,\"name\":\"History\"}]},{\"@type\":\"WebSite\",\"@id\":\"https:\/\/cassiopeia-esalen.de\/#website\",\"url\":\"https:\/\/cassiopeia-esalen.de\/\",\"name\":\"\",\"description\":\"\",\"potentialAction\":[{\"@type\":\"SearchAction\",\"target\":{\"@type\":\"EntryPoint\",\"urlTemplate\":\"https:\/\/cassiopeia-esalen.de\/?s={search_term_string}\"},\"query-input\":\"required name=search_term_string\"}],\"inLanguage\":\"de\"}]}<\/script>\n<!-- \/ Yoast SEO plugin. -->","yoast_head_json":{"title":"History- Cassiopeia ESALEN Massage Dresden","description":"ESALEN Massage Dresden\/Kalifornien: Anfang der 60er Jahre Dick Price und Michael Murphy, beide Studenten der Stanford University, hatten einen Traum!","robots":{"index":"index","follow":"follow","max-snippet":"max-snippet:-1","max-image-preview":"max-image-preview:large","max-video-preview":"max-video-preview:-1"},"canonical":"https:\/\/cassiopeia-esalen.de\/?page_id=18","og_locale":"de_DE","og_type":"article","og_title":"History- Cassiopeia ESALEN Massage Dresden","og_description":"ESALEN Massage Dresden\/Kalifornien: Anfang der 60er Jahre Dick Price und Michael Murphy, beide Studenten der Stanford University, hatten einen Traum!","og_url":"https:\/\/cassiopeia-esalen.de\/?page_id=18","article_publisher":"https:\/\/www.facebook.com\/EsalenMassageDresden?ref=hl","article_modified_time":"2022-08-01T19:44:55+00:00","og_image":[{"url":"https:\/\/cassiopeia-esalen.de\/wp-content\/uploads\/2013\/10\/000013.jpg"}],"twitter_misc":{"Gesch\u00e4tzte Lesezeit":"2\u00a0Minuten"},"schema":{"@context":"https:\/\/schema.org","@graph":[{"@type":"WebPage","@id":"https:\/\/cassiopeia-esalen.de\/?page_id=18","url":"https:\/\/cassiopeia-esalen.de\/?page_id=18","name":"History- Cassiopeia ESALEN Massage Dresden","isPartOf":{"@id":"https:\/\/cassiopeia-esalen.de\/#website"},"datePublished":"2013-10-16T09:14:32+00:00","dateModified":"2022-08-01T19:44:55+00:00","description":"ESALEN Massage Dresden\/Kalifornien: Anfang der 60er Jahre Dick Price und Michael Murphy, beide Studenten der Stanford University, hatten einen Traum!","breadcrumb":{"@id":"https:\/\/cassiopeia-esalen.de\/?page_id=18#breadcrumb"},"inLanguage":"de","potentialAction":[{"@type":"ReadAction","target":["https:\/\/cassiopeia-esalen.de\/?page_id=18"]}]},{"@type":"BreadcrumbList","@id":"https:\/\/cassiopeia-esalen.de\/?page_id=18#breadcrumb","itemListElement":[{"@type":"ListItem","position":1,"name":"Startseite","item":"https:\/\/cassiopeia-esalen.de\/"},{"@type":"ListItem","position":2,"name":"History"}]},{"@type":"WebSite","@id":"https:\/\/cassiopeia-esalen.de\/#website","url":"https:\/\/cassiopeia-esalen.de\/","name":"","description":"","potentialAction":[{"@type":"SearchAction","target":{"@type":"EntryPoint","urlTemplate":"https:\/\/cassiopeia-esalen.de\/?s={search_term_string}"},"query-input":"required name=search_term_string"}],"inLanguage":"de"}]}},"_links":{"self":[{"href":"https:\/\/cassiopeia-esalen.de\/index.php?rest_route=\/wp\/v2\/pages\/18"}],"collection":[{"href":"https:\/\/cassiopeia-esalen.de\/index.php?rest_route=\/wp\/v2\/pages"}],"about":[{"href":"https:\/\/cassiopeia-esalen.de\/index.php?rest_route=\/wp\/v2\/types\/page"}],"author":[{"embeddable":true,"href":"https:\/\/cassiopeia-esalen.de\/index.php?rest_route=\/wp\/v2\/users\/1"}],"replies":[{"embeddable":true,"href":"https:\/\/cassiopeia-esalen.de\/index.php?rest_route=%2Fwp%2Fv2%2Fcomments&post=18"}],"version-history":[{"count":77,"href":"https:\/\/cassiopeia-esalen.de\/index.php?rest_route=\/wp\/v2\/pages\/18\/revisions"}],"predecessor-version":[{"id":1535,"href":"https:\/\/cassiopeia-esalen.de\/index.php?rest_route=\/wp\/v2\/pages\/18\/revisions\/1535"}],"wp:attachment":[{"href":"https:\/\/cassiopeia-esalen.de\/index.php?rest_route=%2Fwp%2Fv2%2Fmedia&parent=18"}],"curies":[{"name":"wp","href":"https:\/\/api.w.org\/{rel}","templated":true}]}}